{"id":3014,"date":"2017-11-15T09:43:04","date_gmt":"2017-11-15T09:43:04","guid":{"rendered":"https:\/\/www.processmanager-info.com\/testimonials\/"},"modified":"2020-06-03T17:39:18","modified_gmt":"2020-06-03T15:39:18","slug":"testimonials","status":"publish","type":"page","link":"https:\/\/www.processmanager-info.com\/sv\/testimonials\/","title":{"rendered":"KUNDREFERENS"},"content":{"rendered":"<div class=\"fusion-fullwidth fullwidth-box fusion-builder-row-1 fusion-parallax-none nonhundred-percent-fullwidth non-hundred-percent-height-scrolling\" style=\"--awb-border-radius-top-left:0px;--awb-border-radius-top-right:0px;--awb-border-radius-bottom-right:0px;--awb-border-radius-bottom-left:0px;--awb-padding-top:45px;--awb-background-color:#eeeeee;--awb-background-image:url(&quot;https:\/\/www.processmanager-info.com\/wp-content\/uploads\/2018\/10\/Home_ProcessManager_Layer_white_1806px.png&quot;);--awb-background-size:cover;--awb-flex-wrap:wrap;\" ><div class=\"fusion-builder-row fusion-row\"><div class=\"fusion-layout-column fusion_builder_column fusion-builder-column-0 fusion_builder_column_1_6 1_6 fusion-one-sixth fusion-column-first fusion-no-small-visibility\" style=\"--awb-bg-size:cover;width:16.666666666667%;width:calc(16.666666666667% - ( ( 4% + 4% ) * 0.16666666666667 ) );margin-right: 4%;\"><div class=\"fusion-column-wrapper fusion-flex-column-wrapper-legacy\"><div class=\"fusion-clearfix\"><\/div><\/div><\/div><div class=\"fusion-layout-column fusion_builder_column fusion-builder-column-1 fusion_builder_column_2_3 2_3 fusion-two-third fusion-animated\" style=\"--awb-bg-size:cover;--awb-margin-top:85px;--awb-margin-bottom:60px;width:66.666666666667%;width:calc(66.666666666667% - ( ( 4% + 4% ) * 0.66666666666667 ) );margin-right: 4%;\" data-animationType=\"zoomIn\" data-animationDuration=\"0.9\" data-animationOffset=\"top-into-view\"><div class=\"fusion-column-wrapper fusion-flex-column-wrapper-legacy\"><div class=\"fusion-title title fusion-title-1 fusion-sep-none fusion-title-center fusion-title-text fusion-title-size-one\" style=\"--awb-margin-top-small:10px;--awb-margin-right-small:0px;--awb-margin-bottom-small:10px;--awb-margin-left-small:0px;\"><h1 class=\"fusion-title-heading title-heading-center fusion-responsive-typography-calculated\" style=\"margin:0;--fontSize:50;line-height:1.05;\"><h1 style=\"text-align: center;\"><span class=\"menu-text\">DET S\u00c4GER V\u00c5RA KUNDER<\/span><\/h1><\/h1><\/div><div class=\"fusion-text fusion-text-1\"><p style=\"text-align: center;\">Det \u00e4r l\u00e4tt att skapa ett IT-system. Men det \u00e4r sv\u00e5rt att skapa ett system som matchar utmaningarna mot en modern verkstad: Med ProcessManager har PPG lyckats skapa ett system som ger en b\u00e4ttre \u00f6verblick, optimerar produktiviteten. Du kan l\u00e4sa mer om hemligheten bakom systemets succe h\u00e4r.<\/p>\n<\/div><div class=\"fusion-clearfix\"><\/div><\/div><\/div><div class=\"fusion-layout-column fusion_builder_column fusion-builder-column-2 fusion_builder_column_1_6 1_6 fusion-one-sixth fusion-column-last fusion-no-small-visibility\" style=\"--awb-bg-size:cover;width:16.666666666667%;width:calc(16.666666666667% - ( ( 4% + 4% ) * 0.16666666666667 ) );\"><div class=\"fusion-column-wrapper fusion-flex-column-wrapper-legacy\"><div class=\"fusion-clearfix\"><\/div><\/div><\/div><\/div><\/div><div class=\"fusion-fullwidth fullwidth-box fusion-builder-row-2 nonhundred-percent-fullwidth non-hundred-percent-height-scrolling\" style=\"--awb-border-radius-top-left:0px;--awb-border-radius-top-right:0px;--awb-border-radius-bottom-right:0px;--awb-border-radius-bottom-left:0px;--awb-padding-top:50px;--awb-padding-bottom:50px;--awb-flex-wrap:wrap;\" ><div class=\"fusion-builder-row fusion-row\"><div class=\"fusion-layout-column fusion_builder_column fusion-builder-column-3 fusion_builder_column_1_3 1_3 fusion-one-third fusion-column-first\" style=\"--awb-bg-size:cover;width:33.333333333333%;width:calc(33.333333333333% - ( ( 4% + 4% ) * 0.33333333333333 ) );margin-right: 4%;\"><div class=\"fusion-column-wrapper fusion-flex-column-wrapper-legacy\"><div class=\"fusion-person person fusion-person-center fusion-person-1 fusion-person-icon-top\" style=\"--awb-pic-style-color:#e96725;--awb-pic-borderradius:0px;--awb-margin-top:0px;--awb-margin-right:0px;--awb-margin-bottom:0px;--awb-margin-left:0px;--awb-social-box-border-top:0px;--awb-social-box-border-right:0px;--awb-social-box-border-bottom:0px;--awb-social-box-border-left:0px;--awb-social-box-border-color:var(--awb-color3);--awb-social-box-border-color-hover:var(--awb-color4);--awb-social-box-colors-hover:rgba(232,232,232,0.8);--awb-social-icon-boxed-colors:#e8e8e8;--awb-social-icon-colors:#bebdbd;--awb-social-icon-colors-hover:rgba(190,189,189,0.8);\"><div class=\"person-shortcode-image-wrapper\"><div class=\"person-image-container hover-type-zoomin\" style=\"border:0px solid #f6f6f6;-webkit-border-radius:0px;-moz-border-radius:0px;border-radius:0px;\"><a href=\"https:\/\/www.processmanager-info.com\/sv\/projects\/testimonial-2\/\" target=\"_self\"><img decoding=\"async\" class=\"person-img img-responsive wp-image-3944\" width=\"500\" height=\"282\" src=\"https:\/\/www.processmanager-info.com\/wp-content\/uploads\/2019\/02\/Magno-Sverige.png\" alt=\"Magno Bildskadecenter G\u00f6tegorg\" srcset=\"https:\/\/www.processmanager-info.com\/wp-content\/uploads\/2019\/02\/Magno-Sverige-200x113.png 200w, https:\/\/www.processmanager-info.com\/wp-content\/uploads\/2019\/02\/Magno-Sverige-400x226.png 400w, https:\/\/www.processmanager-info.com\/wp-content\/uploads\/2019\/02\/Magno-Sverige.png 500w\" sizes=\"(max-width: 1000px) 100vw, 400px\" \/><\/a><\/div><\/div><div class=\"person-desc\" style=\"background-color:#c4c4c4;padding:40px;margin-top:0;\"><div class=\"person-author\"><div class=\"person-author-wrapper\"><span class=\"person-name\">Magno Bildskadecenter G\u00f6tegorg<\/span><span class=\"person-title\">Rune Andersson<\/span><\/div><\/div><div class=\"person-content fusion-clearfix\">FAMILJEF\u00d6RETAGET MAGNO startade 1968 d\u00e5 Rune Andersson tog \u00f6ver en bilverkstad i Gamlestaden i G\u00f6teborg. I dag driver han f\u00f6retaget tillsammans med s\u00f6nerna Rickard och Fredrik som har skapat ett avancerat bilskadecenter med fokus p\u00e5 kaross-skador. N\u00e4r f\u00f6retaget f\u00f6r n\u00e5gra \u00e5r sedan flyttade till nya lokaler byggdes fl\u00f6det i verksamheten om fr\u00e5n grunden.<\/div><\/div><\/div><div class=\"fusion-button-wrapper fusion-align-block\"><a class=\"fusion-button button-flat fusion-button-default-size button-default fusion-button-default button-1 fusion-button-default-span fusion-button-default-type\" target=\"_self\" href=\"https:\/\/www.processmanager-info.com\/sv\/projects\/testimonial-2\/\"><span class=\"fusion-button-text awb-button__text awb-button__text--default\">L\u00c4S MERA<\/span><\/a><\/div><div class=\"fusion-clearfix\"><\/div><\/div><\/div><div class=\"fusion-layout-column fusion_builder_column fusion-builder-column-4 fusion_builder_column_1_3 1_3 fusion-one-third\" style=\"--awb-bg-size:cover;width:33.333333333333%;width:calc(33.333333333333% - ( ( 4% + 4% ) * 0.33333333333333 ) );margin-right: 4%;\"><div class=\"fusion-column-wrapper fusion-flex-column-wrapper-legacy\"><div class=\"fusion-person person fusion-person-center fusion-person-2 fusion-person-icon-top\" style=\"--awb-pic-style-color:#e96725;--awb-pic-borderradius:0px;--awb-margin-top:0px;--awb-margin-right:0px;--awb-margin-bottom:0px;--awb-margin-left:0px;--awb-social-box-border-top:0px;--awb-social-box-border-right:0px;--awb-social-box-border-bottom:0px;--awb-social-box-border-left:0px;--awb-social-box-border-color:var(--awb-color3);--awb-social-box-border-color-hover:var(--awb-color4);--awb-social-box-colors-hover:rgba(232,232,232,0.8);--awb-social-icon-boxed-colors:#e8e8e8;--awb-social-icon-colors:#bebdbd;--awb-social-icon-colors-hover:rgba(190,189,189,0.8);\"><div class=\"person-shortcode-image-wrapper\"><div class=\"person-image-container hover-type-zoomin\" style=\"border:0px solid #f6f6f6;-webkit-border-radius:0px;-moz-border-radius:0px;border-radius:0px;\"><a href=\"https:\/\/www.processmanager-info.com\/projects\/testimonial-2-2\/?lang=sv\" target=\"_self\"><img decoding=\"async\" class=\"person-img img-responsive wp-image-4053\" width=\"498\" height=\"282\" src=\"https:\/\/www.processmanager-info.com\/wp-content\/uploads\/2017\/10\/Bild-SE-Testimonial-Thimbnail.png\" alt=\"Robert Skog\" srcset=\"https:\/\/www.processmanager-info.com\/wp-content\/uploads\/2017\/10\/Bild-SE-Testimonial-Thimbnail-200x113.png 200w, https:\/\/www.processmanager-info.com\/wp-content\/uploads\/2017\/10\/Bild-SE-Testimonial-Thimbnail-400x227.png 400w, https:\/\/www.processmanager-info.com\/wp-content\/uploads\/2017\/10\/Bild-SE-Testimonial-Thimbnail.png 498w\" sizes=\"(max-width: 1000px) 100vw, 400px\" \/><\/a><\/div><\/div><div class=\"person-desc\" style=\"background-color:#c4c4c4;padding:40px;margin-top:0;\"><div class=\"person-author\"><div class=\"person-author-wrapper\"><span class=\"person-name\">Robert Skog<\/span><span class=\"person-title\">Business Solutions Specialist hos PPG<\/span><\/div><\/div><div class=\"person-content fusion-clearfix\">En av de centrala drivkrafterna i utvecklingen av systemet hos PPG har varit Farah Mourali, som \u00e4r f\u00f6rs\u00e4ljningschef i Sverige hos PPG. Han understryker att grundtanken alltid har varit att utg\u00e5 fr\u00e5n anv\u00e4ndarnas behov: \u201dVi ins\u00e5g redan fr\u00e5n start att om ProcessManager skulle f\u00e5 ett verkligt v\u00e4rde som verktyg f\u00f6r v\u00e5ra kunder, s\u00e5 m\u00e5ste det vara anv\u00e4ndarv\u00e4nligt och flexibelt. Systemet m\u00e5ste kunna anpassas till anv\u00e4ndarnas behov \u2013 inte tv\u00e4rt om. Och samtidigt kunde vi se att det i hela Skandinavien fanns ett stort behov av att f\u00e5 ett system som kunde hj\u00e4lpa till att skapa klarhet i hur verkst\u00e4dernas ekonomiska nyckeltal utvecklade sig, s\u00e5 att de fick ett bra underlag f\u00f6r att \u00f6ka sin l\u00f6nsamhet.\u201d<\/div><\/div><\/div><div class=\"fusion-button-wrapper fusion-align-block\"><a class=\"fusion-button button-flat fusion-button-default-size button-default fusion-button-default button-2 fusion-button-default-span fusion-button-default-type\" target=\"_self\" href=\"https:\/\/www.processmanager-info.com\/projects\/testimonial-2-2\/?lang=sv\"><span class=\"fusion-button-text awb-button__text awb-button__text--default\">L\u00c4S MERA<\/span><\/a><\/div><div class=\"fusion-clearfix\"><\/div><\/div><\/div><div class=\"fusion-layout-column fusion_builder_column fusion-builder-column-5 fusion_builder_column_1_3 1_3 fusion-one-third fusion-column-last\" style=\"--awb-bg-size:cover;width:33.333333333333%;width:calc(33.333333333333% - ( ( 4% + 4% ) * 0.33333333333333 ) );\"><div class=\"fusion-column-wrapper fusion-flex-column-wrapper-legacy\"><div class=\"fusion-clearfix\"><\/div><\/div><\/div><\/div><\/div><div class=\"fusion-fullwidth fullwidth-box fusion-builder-row-3 nonhundred-percent-fullwidth non-hundred-percent-height-scrolling fusion-equal-height-columns\" style=\"--awb-border-radius-top-left:0px;--awb-border-radius-top-right:0px;--awb-border-radius-bottom-right:0px;--awb-border-radius-bottom-left:0px;--awb-padding-top:20px;--awb-padding-bottom:25px;--awb-background-color:#ffffff;--awb-flex-wrap:wrap;\" ><div class=\"fusion-builder-row fusion-row\"><div class=\"fusion-layout-column fusion_builder_column fusion-builder-column-6 fusion_builder_column_1_6 1_6 fusion-one-sixth fusion-column-first fusion-animated\" style=\"--awb-bg-size:cover;width:16.666666666667%;width:calc(16.666666666667% - ( ( 4% + 4% + 4% + 4% + 4% ) * 0.16666666666667 ) );margin-right: 4%;\" data-animationType=\"zoomIn\" data-animationDuration=\"1.0\" data-animationOffset=\"top-into-view\"><div class=\"fusion-column-wrapper fusion-flex-column-wrapper-legacy\"><div class=\"fusion-column-content-centered\"><div class=\"fusion-column-content\"><\/div><\/div><div class=\"fusion-clearfix\"><\/div><\/div><\/div><div class=\"fusion-layout-column fusion_builder_column fusion-builder-column-7 fusion_builder_column_1_6 1_6 fusion-one-sixth fusion-animated\" style=\"--awb-bg-size:cover;width:16.666666666667%;width:calc(16.666666666667% - ( ( 4% + 4% + 4% + 4% + 4% ) * 0.16666666666667 ) );margin-right: 4%;\" data-animationType=\"zoomIn\" data-animationDuration=\"1.0\" data-animationOffset=\"top-into-view\"><div class=\"fusion-column-wrapper fusion-flex-column-wrapper-legacy\"><div class=\"fusion-column-content-centered\"><div class=\"fusion-column-content\"><\/div><\/div><div class=\"fusion-clearfix\"><\/div><\/div><\/div><div class=\"fusion-layout-column fusion_builder_column fusion-builder-column-8 fusion_builder_column_1_6 1_6 fusion-one-sixth fusion-animated\" style=\"--awb-padding-right:0px;--awb-bg-size:cover;width:16.666666666667%;width:calc(16.666666666667% - ( ( 4% + 4% + 4% + 4% + 4% ) * 0.16666666666667 ) );margin-right: 4%;\" data-animationType=\"zoomIn\" data-animationDuration=\"1.0\" data-animationOffset=\"top-into-view\"><div class=\"fusion-column-wrapper fusion-flex-column-wrapper-legacy\"><div class=\"fusion-column-content-centered\"><div class=\"fusion-column-content\"><div class=\"fusion-image-element in-legacy-container\" style=\"--awb-caption-title-font-family:var(--h2_typography-font-family);--awb-caption-title-font-weight:var(--h2_typography-font-weight);--awb-caption-title-font-style:var(--h2_typography-font-style);--awb-caption-title-size:var(--h2_typography-font-size);--awb-caption-title-transform:var(--h2_typography-text-transform);--awb-caption-title-line-height:var(--h2_typography-line-height);--awb-caption-title-letter-spacing:var(--h2_typography-letter-spacing);\"><span class=\" fusion-imageframe imageframe-none imageframe-1 hover-type-none\"><a class=\"fusion-no-lightbox\" href=\"www.ppgrefinish.com\" target=\"_blank\" aria-label=\"ppg_lg_rgb_pos_300px\" rel=\"noopener noreferrer\"><img decoding=\"async\" width=\"150\" height=\"150\" src=\"https:\/\/www.processmanager-info.com\/wp-content\/uploads\/2018\/11\/ppg_lg_rgb_pos_300px-150x150.png\" alt class=\"img-responsive wp-image-2905\" srcset=\"https:\/\/www.processmanager-info.com\/wp-content\/uploads\/2018\/11\/ppg_lg_rgb_pos_300px-66x66.png 66w, https:\/\/www.processmanager-info.com\/wp-content\/uploads\/2018\/11\/ppg_lg_rgb_pos_300px-150x150.png 150w\" sizes=\"(max-width: 150px) 100vw, 150px\" \/><\/a><\/span><\/div><\/div><\/div><div class=\"fusion-clearfix\"><\/div><\/div><\/div><div class=\"fusion-layout-column fusion_builder_column fusion-builder-column-9 fusion_builder_column_1_6 1_6 fusion-one-sixth fusion-animated\" style=\"--awb-bg-size:cover;width:16.666666666667%;width:calc(16.666666666667% - ( ( 4% + 4% + 4% + 4% + 4% ) * 0.16666666666667 ) );margin-right: 4%;\" data-animationType=\"zoomIn\" data-animationDuration=\"1.0\" data-animationOffset=\"top-into-view\"><div class=\"fusion-column-wrapper fusion-flex-column-wrapper-legacy\"><div class=\"fusion-column-content-centered\"><div class=\"fusion-column-content\"><div class=\"fusion-image-element in-legacy-container\" style=\"--awb-caption-title-font-family:var(--h2_typography-font-family);--awb-caption-title-font-weight:var(--h2_typography-font-weight);--awb-caption-title-font-style:var(--h2_typography-font-style);--awb-caption-title-size:var(--h2_typography-font-size);--awb-caption-title-transform:var(--h2_typography-text-transform);--awb-caption-title-line-height:var(--h2_typography-line-height);--awb-caption-title-letter-spacing:var(--h2_typography-letter-spacing);\"><span class=\" fusion-imageframe imageframe-none imageframe-2 hover-type-none\"><a class=\"fusion-no-lightbox\" href=\"http:\/\/www.nexaautocolor.com\/\" target=\"_blank\" aria-label=\"NEXA_Logo_RGB_200px\" rel=\"noopener noreferrer\"><img decoding=\"async\" width=\"200\" height=\"42\" src=\"https:\/\/www.processmanager-info.com\/wp-content\/uploads\/2018\/11\/NEXA_Logo_RGB_200px.png\" alt class=\"img-responsive wp-image-2974\"\/><\/a><\/span><\/div><\/div><\/div><div class=\"fusion-clearfix\"><\/div><\/div><\/div><div class=\"fusion-layout-column fusion_builder_column fusion-builder-column-10 fusion_builder_column_1_6 1_6 fusion-one-sixth fusion-animated\" style=\"--awb-bg-size:cover;width:16.666666666667%;width:calc(16.666666666667% - ( ( 4% + 4% + 4% + 4% + 4% ) * 0.16666666666667 ) );margin-right: 4%;\" data-animationType=\"zoomIn\" data-animationDuration=\"1.0\" data-animationOffset=\"top-into-view\"><div class=\"fusion-column-wrapper fusion-flex-column-wrapper-legacy\"><div class=\"fusion-column-content-centered\"><div class=\"fusion-column-content\"><\/div><\/div><div class=\"fusion-clearfix\"><\/div><\/div><\/div><div class=\"fusion-layout-column fusion_builder_column fusion-builder-column-11 fusion_builder_column_1_6 1_6 fusion-one-sixth fusion-column-last fusion-animated\" style=\"--awb-bg-size:cover;width:16.666666666667%;width:calc(16.666666666667% - ( ( 4% + 4% + 4% + 4% + 4% ) * 0.16666666666667 ) );\" data-animationType=\"zoomIn\" data-animationDuration=\"1.0\" data-animationOffset=\"top-into-view\"><div class=\"fusion-column-wrapper fusion-flex-column-wrapper-legacy\"><div class=\"fusion-column-content-centered\"><div class=\"fusion-column-content\"><\/div><\/div><div class=\"fusion-clearfix\"><\/div><\/div><\/div><\/div><\/div>\n","protected":false},"excerpt":{"rendered":"","protected":false},"author":1,"featured_media":0,"parent":0,"menu_order":0,"comment_status":"closed","ping_status":"closed","template":"100-width.php","meta":{"footnotes":""},"class_list":["post-3014","page","type-page","status-publish","hentry"],"_links":{"self":[{"href":"https:\/\/www.processmanager-info.com\/sv\/wp-json\/wp\/v2\/pages\/3014","targetHints":{"allow":["GET"]}}],"collection":[{"href":"https:\/\/www.processmanager-info.com\/sv\/wp-json\/wp\/v2\/pages"}],"about":[{"href":"https:\/\/www.processmanager-info.com\/sv\/wp-json\/wp\/v2\/types\/page"}],"author":[{"embeddable":true,"href":"https:\/\/www.processmanager-info.com\/sv\/wp-json\/wp\/v2\/users\/1"}],"replies":[{"embeddable":true,"href":"https:\/\/www.processmanager-info.com\/sv\/wp-json\/wp\/v2\/comments?post=3014"}],"version-history":[{"count":39,"href":"https:\/\/www.processmanager-info.com\/sv\/wp-json\/wp\/v2\/pages\/3014\/revisions"}],"predecessor-version":[{"id":3906,"href":"https:\/\/www.processmanager-info.com\/sv\/wp-json\/wp\/v2\/pages\/3014\/revisions\/3906"}],"wp:attachment":[{"href":"https:\/\/www.processmanager-info.com\/sv\/wp-json\/wp\/v2\/media?parent=3014"}],"curies":[{"name":"wp","href":"https:\/\/api.w.org\/{rel}","templated":true}]}}