{"id":3011,"date":"2017-11-15T09:43:04","date_gmt":"2017-11-15T09:43:04","guid":{"rendered":"https:\/\/www.processmanager-info.com\/testimonials\/"},"modified":"2019-06-13T09:25:34","modified_gmt":"2019-06-13T07:25:34","slug":"testimonials","status":"publish","type":"page","link":"https:\/\/www.processmanager-info.com\/fi\/testimonials\/","title":{"rendered":"SUOSITTELEMME"},"content":{"rendered":"<div class=\"fusion-fullwidth fullwidth-box fusion-builder-row-1 fusion-parallax-none nonhundred-percent-fullwidth non-hundred-percent-height-scrolling\" style=\"--awb-border-radius-top-left:0px;--awb-border-radius-top-right:0px;--awb-border-radius-bottom-right:0px;--awb-border-radius-bottom-left:0px;--awb-padding-top:45px;--awb-background-color:#eeeeee;--awb-background-image:url(&quot;https:\/\/www.processmanager-info.com\/wp-content\/uploads\/2018\/10\/Home_ProcessManager_Layer_white_1806px.png&quot;);--awb-background-size:cover;--awb-flex-wrap:wrap;\" ><div class=\"fusion-builder-row fusion-row\"><div class=\"fusion-layout-column fusion_builder_column fusion-builder-column-0 fusion_builder_column_1_6 1_6 fusion-one-sixth fusion-column-first fusion-no-small-visibility\" style=\"--awb-bg-size:cover;width:16.666666666667%;width:calc(16.666666666667% - ( ( 4% + 4% ) * 0.16666666666667 ) );margin-right: 4%;\"><div class=\"fusion-column-wrapper fusion-flex-column-wrapper-legacy\"><div class=\"fusion-clearfix\"><\/div><\/div><\/div><div class=\"fusion-layout-column fusion_builder_column fusion-builder-column-1 fusion_builder_column_2_3 2_3 fusion-two-third fusion-animated\" style=\"--awb-bg-size:cover;--awb-margin-top:85px;--awb-margin-bottom:60px;width:66.666666666667%;width:calc(66.666666666667% - ( ( 4% + 4% ) * 0.66666666666667 ) );margin-right: 4%;\" data-animationType=\"zoomIn\" data-animationDuration=\"0.9\" data-animationOffset=\"top-into-view\"><div class=\"fusion-column-wrapper fusion-flex-column-wrapper-legacy\"><div class=\"fusion-title title fusion-title-1 fusion-sep-none fusion-title-center fusion-title-text fusion-title-size-one\" style=\"--awb-margin-top-small:10px;--awb-margin-right-small:0px;--awb-margin-bottom-small:10px;--awb-margin-left-small:0px;\"><h1 class=\"fusion-title-heading title-heading-center fusion-responsive-typography-calculated\" style=\"margin:0;--fontSize:50;line-height:1.05;\"><h1 style=\"text-align: center;\">SUOSITTELEMME<\/h1><\/h1><\/div><div class=\"fusion-text fusion-text-1\"><p style=\"text-align: center;\">Modernin vauriokorjaamon toiminnot asettavat haasteita useimmille IT-j\u00e4rjestelmille. PPG:n ProcessManagerin avulla onnistut luomaan paremman yleiskuvan toiminnastasi, tehostat tuottavuutta ja ohjaat vauriokorjaamon voimavarat tuottavaan ty\u00f6h\u00f6n. Lue j\u00e4rjestelm\u00e4n menestystekij\u00f6ist\u00e4 t\u00e4st\u00e4 lis\u00e4\u00e4.<\/p>\n<\/div><div class=\"fusion-clearfix\"><\/div><\/div><\/div><div class=\"fusion-layout-column fusion_builder_column fusion-builder-column-2 fusion_builder_column_1_6 1_6 fusion-one-sixth fusion-column-last fusion-no-small-visibility\" style=\"--awb-bg-size:cover;width:16.666666666667%;width:calc(16.666666666667% - ( ( 4% + 4% ) * 0.16666666666667 ) );\"><div class=\"fusion-column-wrapper fusion-flex-column-wrapper-legacy\"><div class=\"fusion-clearfix\"><\/div><\/div><\/div><\/div><\/div><div class=\"fusion-fullwidth fullwidth-box fusion-builder-row-2 nonhundred-percent-fullwidth non-hundred-percent-height-scrolling\" style=\"--awb-border-radius-top-left:0px;--awb-border-radius-top-right:0px;--awb-border-radius-bottom-right:0px;--awb-border-radius-bottom-left:0px;--awb-padding-top:50px;--awb-padding-bottom:50px;--awb-flex-wrap:wrap;\" ><div class=\"fusion-builder-row fusion-row\"><div class=\"fusion-layout-column fusion_builder_column fusion-builder-column-3 fusion_builder_column_1_3 1_3 fusion-one-third fusion-column-first\" style=\"--awb-bg-size:cover;width:33.333333333333%;width:calc(33.333333333333% - ( ( 4% + 4% ) * 0.33333333333333 ) );margin-right: 4%;\"><div class=\"fusion-column-wrapper fusion-flex-column-wrapper-legacy\"><div class=\"fusion-person person fusion-person-center fusion-person-1 fusion-person-icon-top\" style=\"--awb-pic-style-color:#e96725;--awb-pic-borderradius:0px;--awb-margin-top:0px;--awb-margin-right:0px;--awb-margin-bottom:0px;--awb-margin-left:0px;--awb-social-box-border-top:0px;--awb-social-box-border-right:0px;--awb-social-box-border-bottom:0px;--awb-social-box-border-left:0px;--awb-social-box-border-color:var(--awb-color3);--awb-social-box-border-color-hover:var(--awb-color4);--awb-social-box-colors-hover:rgba(232,232,232,0.8);--awb-social-icon-boxed-colors:#e8e8e8;--awb-social-icon-colors:#bebdbd;--awb-social-icon-colors-hover:rgba(190,189,189,0.8);\"><div class=\"person-shortcode-image-wrapper\"><div class=\"person-image-container hover-type-zoomin\" style=\"border:0px solid #f6f6f6;-webkit-border-radius:0px;-moz-border-radius:0px;border-radius:0px;\"><a href=\"https:\/\/www.processmanager-info.com\/projects\/testimonial-3\/?lang=fi\" target=\"_self\"><img decoding=\"async\" class=\"person-img img-responsive wp-image-3584\" width=\"497\" height=\"282\" src=\"https:\/\/www.processmanager-info.com\/wp-content\/uploads\/2018\/10\/Testimonil-Jyki-Oy.png\" alt=\"Markku Vataja\" srcset=\"https:\/\/www.processmanager-info.com\/wp-content\/uploads\/2018\/10\/Testimonil-Jyki-Oy-200x113.png 200w, https:\/\/www.processmanager-info.com\/wp-content\/uploads\/2018\/10\/Testimonil-Jyki-Oy-400x227.png 400w, https:\/\/www.processmanager-info.com\/wp-content\/uploads\/2018\/10\/Testimonil-Jyki-Oy.png 497w\" sizes=\"(max-width: 1000px) 100vw, 400px\" \/><\/a><\/div><\/div><div class=\"person-desc\" style=\"background-color:#c4c4c4;padding:40px;margin-top:0;\"><div class=\"person-author\"><div class=\"person-author-wrapper\"><span class=\"person-name\">Markku Vataja<\/span><span class=\"person-title\">Warehouse manager and painter at Jyki Oy<\/span><\/div><\/div><div class=\"person-content fusion-clearfix\">Jyki on vuonna 1968 perustettu koritehdas, jossa valmistetaan p\u00e4\u00e4asiassa per\u00e4vaunuja tukki-, rahti-, ja soralavak\u00e4ytt\u00f6\u00f6n. Yritys tekee vaunuihin kaikki osat ja elementit itse, lukuun ottamatta akselistoja. Toimitukset suuntautuvat Suomen lis\u00e4ksi Ven\u00e4j\u00e4lle, Ruotsiin, Norjaan ja Baltian maihin. Jyki:n henkil\u00f6st\u00f6m\u00e4\u00e4r\u00e4 on noin 70. Maalaamossa ty\u00f6skentelee 1-2 henkil\u00f6\u00e4. Vuodessa tehtaalta l\u00e4htee noin 250-300 kappaletta vaunuja. Haastattelun antoi Jyki:n varastovastaava ja maalari Markku Vataja.<\/div><\/div><\/div><div class=\"fusion-button-wrapper fusion-align-block\"><a class=\"fusion-button button-flat fusion-button-default-size button-default fusion-button-default button-1 fusion-button-default-span fusion-button-default-type\" target=\"_self\" href=\"https:\/\/www.processmanager-info.com\/projects\/testimonial-3\/?lang=fi\"><span class=\"fusion-button-text awb-button__text awb-button__text--default\">LUE LIS\u00c4\u00c4<\/span><\/a><\/div><div class=\"fusion-clearfix\"><\/div><\/div><\/div><div class=\"fusion-layout-column fusion_builder_column fusion-builder-column-4 fusion_builder_column_1_3 1_3 fusion-one-third\" style=\"--awb-bg-size:cover;width:33.333333333333%;width:calc(33.333333333333% - ( ( 4% + 4% ) * 0.33333333333333 ) );margin-right: 4%;\"><div class=\"fusion-column-wrapper fusion-flex-column-wrapper-legacy\"><div class=\"fusion-person person fusion-person-center fusion-person-2 fusion-person-icon-top\" style=\"--awb-pic-style-color:#e96725;--awb-pic-borderradius:0px;--awb-margin-top:0px;--awb-margin-right:0px;--awb-margin-bottom:0px;--awb-margin-left:0px;--awb-social-box-border-top:0px;--awb-social-box-border-right:0px;--awb-social-box-border-bottom:0px;--awb-social-box-border-left:0px;--awb-social-box-border-color:var(--awb-color3);--awb-social-box-border-color-hover:var(--awb-color4);--awb-social-box-colors-hover:rgba(232,232,232,0.8);--awb-social-icon-boxed-colors:#e8e8e8;--awb-social-icon-colors:#bebdbd;--awb-social-icon-colors-hover:rgba(190,189,189,0.8);\"><div class=\"person-shortcode-image-wrapper\"><div class=\"person-image-container hover-type-zoomin\" style=\"border:0px solid #f6f6f6;-webkit-border-radius:0px;-moz-border-radius:0px;border-radius:0px;\"><a href=\"https:\/\/www.processmanager-info.com\/projects\/testimonial-4\/?lang=fi\" target=\"_self\"><img decoding=\"async\" class=\"person-img img-responsive wp-image-3572\" width=\"500\" height=\"283\" src=\"https:\/\/www.processmanager-info.com\/wp-content\/uploads\/2018\/10\/Testimonial-Bild-TAKK.png\" alt=\"Risto Uusivirta\" srcset=\"https:\/\/www.processmanager-info.com\/wp-content\/uploads\/2018\/10\/Testimonial-Bild-TAKK-200x113.png 200w, https:\/\/www.processmanager-info.com\/wp-content\/uploads\/2018\/10\/Testimonial-Bild-TAKK-400x226.png 400w, https:\/\/www.processmanager-info.com\/wp-content\/uploads\/2018\/10\/Testimonial-Bild-TAKK.png 500w\" sizes=\"(max-width: 1000px) 100vw, 400px\" \/><\/a><\/div><\/div><div class=\"person-desc\" style=\"background-color:#c4c4c4;padding:40px;margin-top:0;\"><div class=\"person-author\"><div class=\"person-author-wrapper\"><span class=\"person-name\">Risto Uusivirta<\/span><span class=\"person-title\">TAKK, Tampereen Aikuiskoulutuskeskus<\/span><\/div><\/div><div class=\"person-content fusion-clearfix\">TAKK on vuonna 1962 perustettu ammatillinen oppilaitos, jonka omistaa Tampereen aikuiskoulutuss\u00e4\u00e4ti\u00f6. TAKK:lla opiskelee vuosittain jopa 16 000 opiskelijaa. Tarjolla on yli 100 erilaista ammatillista tutkintoa. Henkil\u00f6st\u00f6\u00e4 TAKK:lla on l\u00e4hes 350. Automaalauspuolella toimii kaksi kouluttajaa, ja opiskelijoita on vuosittain 25 henkil\u00f6n ryhm\u00e4. Maalaust\u00f6it\u00e4 tehd\u00e4\u00e4n vuodessa noin 150 kappaletta. TAKK:lta haastateltavana on kouluttaja Risto Uusivirta.<\/div><\/div><\/div><div class=\"fusion-button-wrapper fusion-align-block\"><a class=\"fusion-button button-flat fusion-button-default-size button-default fusion-button-default button-2 fusion-button-default-span fusion-button-default-type\" target=\"_self\" href=\"https:\/\/www.processmanager-info.com\/projects\/testimonial-4\/?lang=fi\"><span class=\"fusion-button-text awb-button__text awb-button__text--default\">LUE LIS\u00c4\u00c4<\/span><\/a><\/div><div class=\"fusion-clearfix\"><\/div><\/div><\/div><div class=\"fusion-layout-column fusion_builder_column fusion-builder-column-5 fusion_builder_column_1_3 1_3 fusion-one-third fusion-column-last\" style=\"--awb-bg-size:cover;width:33.333333333333%;width:calc(33.333333333333% - ( ( 4% + 4% ) * 0.33333333333333 ) );\"><div class=\"fusion-column-wrapper fusion-flex-column-wrapper-legacy\"><div class=\"fusion-person person fusion-person-center fusion-person-3 fusion-person-icon-top\" style=\"--awb-pic-style-color:#e96725;--awb-pic-borderradius:0px;--awb-margin-top:0px;--awb-margin-right:0px;--awb-margin-bottom:0px;--awb-margin-left:0px;--awb-social-box-border-top:0px;--awb-social-box-border-right:0px;--awb-social-box-border-bottom:0px;--awb-social-box-border-left:0px;--awb-social-box-border-color:var(--awb-color3);--awb-social-box-border-color-hover:var(--awb-color4);--awb-social-box-colors-hover:rgba(232,232,232,0.8);--awb-social-icon-boxed-colors:#e8e8e8;--awb-social-icon-colors:#bebdbd;--awb-social-icon-colors-hover:rgba(190,189,189,0.8);\"><div class=\"person-shortcode-image-wrapper\"><div class=\"person-image-container hover-type-zoomin\" style=\"border:0px solid #f6f6f6;-webkit-border-radius:0px;-moz-border-radius:0px;border-radius:0px;\"><a href=\"https:\/\/www.processmanager-info.com\/fi\/projects\/testimonial-1\/\" target=\"_self\"><img decoding=\"async\" class=\"person-img img-responsive wp-image-4739\" width=\"3794\" height=\"2134\" src=\"https:\/\/www.processmanager-info.com\/wp-content\/uploads\/2017\/11\/Automaalaamo-Julkunen-Oy.jpg\" alt=\"Tero Julkunen \" srcset=\"https:\/\/www.processmanager-info.com\/wp-content\/uploads\/2017\/11\/Automaalaamo-Julkunen-Oy-200x112.jpg 200w, https:\/\/www.processmanager-info.com\/wp-content\/uploads\/2017\/11\/Automaalaamo-Julkunen-Oy-400x225.jpg 400w, https:\/\/www.processmanager-info.com\/wp-content\/uploads\/2017\/11\/Automaalaamo-Julkunen-Oy-600x337.jpg 600w, https:\/\/www.processmanager-info.com\/wp-content\/uploads\/2017\/11\/Automaalaamo-Julkunen-Oy-800x450.jpg 800w, https:\/\/www.processmanager-info.com\/wp-content\/uploads\/2017\/11\/Automaalaamo-Julkunen-Oy-1200x675.jpg 1200w, https:\/\/www.processmanager-info.com\/wp-content\/uploads\/2017\/11\/Automaalaamo-Julkunen-Oy.jpg 3794w\" sizes=\"(max-width: 1000px) 100vw, 400px\" \/><\/a><\/div><\/div><div class=\"person-desc\" style=\"background-color:#c4c4c4;padding:40px;margin-top:0;\"><div class=\"person-author\"><div class=\"person-author-wrapper\"><span class=\"person-name\">Tero Julkunen <\/span><span class=\"person-title\">Automaalaamo Julkunen Oy<\/span><\/div><\/div><div class=\"person-content fusion-clearfix\">Tuusulassa toimiva Automaalaamo Julkunen Oy on vuonna 2004 perustettu, automaalauksiin ja kolarikorjauksiin keskittynyt maalaamo. Yrityksess\u00e4 ty\u00f6skentelee t\u00e4ll\u00e4 hetkell\u00e4 viisi henkil\u00f6\u00e4 omistaja mukaan lukien. Haastateltavana Automaalaamo Julkuselta on omistaja ja toimitusjohtaja Tero Julkunen.<\/div><\/div><\/div><div class=\"fusion-button-wrapper fusion-align-block\"><a class=\"fusion-button button-flat fusion-button-default-size button-default fusion-button-default button-3 fusion-button-default-span fusion-button-default-type\" target=\"_self\" href=\"https:\/\/www.processmanager-info.com\/fi\/projects\/testimonial-1\/\"><span class=\"fusion-button-text awb-button__text awb-button__text--default\">LUE LIS\u00c4\u00c4<\/span><\/a><\/div><div class=\"fusion-clearfix\"><\/div><\/div><\/div><\/div><\/div><div class=\"fusion-fullwidth fullwidth-box fusion-builder-row-3 nonhundred-percent-fullwidth non-hundred-percent-height-scrolling fusion-equal-height-columns\" style=\"--awb-border-radius-top-left:0px;--awb-border-radius-top-right:0px;--awb-border-radius-bottom-right:0px;--awb-border-radius-bottom-left:0px;--awb-padding-top:20px;--awb-padding-bottom:25px;--awb-background-color:#ffffff;--awb-flex-wrap:wrap;\" ><div class=\"fusion-builder-row fusion-row\"><div class=\"fusion-layout-column fusion_builder_column fusion-builder-column-6 fusion_builder_column_1_6 1_6 fusion-one-sixth fusion-column-first fusion-animated\" style=\"--awb-bg-size:cover;width:16.666666666667%;width:calc(16.666666666667% - ( ( 4% + 4% + 4% + 4% + 4% ) * 0.16666666666667 ) );margin-right: 4%;\" data-animationType=\"zoomIn\" data-animationDuration=\"1.0\" data-animationOffset=\"top-into-view\"><div class=\"fusion-column-wrapper fusion-flex-column-wrapper-legacy\"><div class=\"fusion-column-content-centered\"><div class=\"fusion-column-content\"><\/div><\/div><div class=\"fusion-clearfix\"><\/div><\/div><\/div><div class=\"fusion-layout-column fusion_builder_column fusion-builder-column-7 fusion_builder_column_1_6 1_6 fusion-one-sixth fusion-animated\" style=\"--awb-bg-size:cover;width:16.666666666667%;width:calc(16.666666666667% - ( ( 4% + 4% + 4% + 4% + 4% ) * 0.16666666666667 ) );margin-right: 4%;\" data-animationType=\"zoomIn\" data-animationDuration=\"1.0\" data-animationOffset=\"top-into-view\"><div class=\"fusion-column-wrapper fusion-flex-column-wrapper-legacy\"><div class=\"fusion-column-content-centered\"><div class=\"fusion-column-content\"><\/div><\/div><div class=\"fusion-clearfix\"><\/div><\/div><\/div><div class=\"fusion-layout-column fusion_builder_column fusion-builder-column-8 fusion_builder_column_1_6 1_6 fusion-one-sixth fusion-animated\" style=\"--awb-padding-right:0px;--awb-bg-size:cover;width:16.666666666667%;width:calc(16.666666666667% - ( ( 4% + 4% + 4% + 4% + 4% ) * 0.16666666666667 ) );margin-right: 4%;\" data-animationType=\"zoomIn\" data-animationDuration=\"1.0\" data-animationOffset=\"top-into-view\"><div class=\"fusion-column-wrapper fusion-flex-column-wrapper-legacy\"><div class=\"fusion-column-content-centered\"><div class=\"fusion-column-content\"><div class=\"fusion-image-element in-legacy-container\" style=\"--awb-caption-title-font-family:var(--h2_typography-font-family);--awb-caption-title-font-weight:var(--h2_typography-font-weight);--awb-caption-title-font-style:var(--h2_typography-font-style);--awb-caption-title-size:var(--h2_typography-font-size);--awb-caption-title-transform:var(--h2_typography-text-transform);--awb-caption-title-line-height:var(--h2_typography-line-height);--awb-caption-title-letter-spacing:var(--h2_typography-letter-spacing);\"><span class=\" fusion-imageframe imageframe-none imageframe-1 hover-type-none\"><a class=\"fusion-no-lightbox\" href=\"https:\/\/landing.ppgrefinish.com\/\" target=\"_blank\" aria-label=\"ppg_lg_rgb_pos_300px\" rel=\"noopener noreferrer\"><img decoding=\"async\" width=\"200\" height=\"175\" src=\"https:\/\/www.processmanager-info.com\/wp-content\/uploads\/2018\/11\/ppg_lg_rgb_pos_300px-200x175.png\" alt class=\"img-responsive wp-image-2902\" srcset=\"https:\/\/www.processmanager-info.com\/wp-content\/uploads\/2018\/11\/ppg_lg_rgb_pos_300px-200x175.png 200w, https:\/\/www.processmanager-info.com\/wp-content\/uploads\/2018\/11\/ppg_lg_rgb_pos_300px.png 300w\" sizes=\"(max-width: 1000px) 100vw, 200px\" \/><\/a><\/span><\/div><\/div><\/div><div class=\"fusion-clearfix\"><\/div><\/div><\/div><div class=\"fusion-layout-column fusion_builder_column fusion-builder-column-9 fusion_builder_column_1_6 1_6 fusion-one-sixth fusion-animated\" style=\"--awb-bg-size:cover;width:16.666666666667%;width:calc(16.666666666667% - ( ( 4% + 4% + 4% + 4% + 4% ) * 0.16666666666667 ) );margin-right: 4%;\" data-animationType=\"zoomIn\" data-animationDuration=\"1.0\" data-animationOffset=\"top-into-view\"><div class=\"fusion-column-wrapper fusion-flex-column-wrapper-legacy\"><div class=\"fusion-column-content-centered\"><div class=\"fusion-column-content\"><div class=\"fusion-image-element in-legacy-container\" style=\"--awb-caption-title-font-family:var(--h2_typography-font-family);--awb-caption-title-font-weight:var(--h2_typography-font-weight);--awb-caption-title-font-style:var(--h2_typography-font-style);--awb-caption-title-size:var(--h2_typography-font-size);--awb-caption-title-transform:var(--h2_typography-text-transform);--awb-caption-title-line-height:var(--h2_typography-line-height);--awb-caption-title-letter-spacing:var(--h2_typography-letter-spacing);\"><span class=\" fusion-imageframe imageframe-none imageframe-2 hover-type-none\"><a class=\"fusion-no-lightbox\" href=\"http:\/\/www.nexaautocolor.com\/\" target=\"_blank\" aria-label=\"NEXA_Logo_RGB_200px\" rel=\"noopener noreferrer\"><img decoding=\"async\" width=\"200\" height=\"42\" src=\"https:\/\/www.processmanager-info.com\/wp-content\/uploads\/2018\/11\/NEXA_Logo_RGB_200px.png\" alt class=\"img-responsive wp-image-2971\"\/><\/a><\/span><\/div><\/div><\/div><div class=\"fusion-clearfix\"><\/div><\/div><\/div><div class=\"fusion-layout-column fusion_builder_column fusion-builder-column-10 fusion_builder_column_1_6 1_6 fusion-one-sixth fusion-animated\" style=\"--awb-bg-size:cover;width:16.666666666667%;width:calc(16.666666666667% - ( ( 4% + 4% + 4% + 4% + 4% ) * 0.16666666666667 ) );margin-right: 4%;\" data-animationType=\"zoomIn\" data-animationDuration=\"1.0\" data-animationOffset=\"top-into-view\"><div class=\"fusion-column-wrapper fusion-flex-column-wrapper-legacy\"><div class=\"fusion-column-content-centered\"><div class=\"fusion-column-content\"><\/div><\/div><div class=\"fusion-clearfix\"><\/div><\/div><\/div><div class=\"fusion-layout-column fusion_builder_column fusion-builder-column-11 fusion_builder_column_1_6 1_6 fusion-one-sixth fusion-column-last fusion-animated\" style=\"--awb-bg-size:cover;width:16.666666666667%;width:calc(16.666666666667% - ( ( 4% + 4% + 4% + 4% + 4% ) * 0.16666666666667 ) );\" data-animationType=\"zoomIn\" data-animationDuration=\"1.0\" data-animationOffset=\"top-into-view\"><div class=\"fusion-column-wrapper fusion-flex-column-wrapper-legacy\"><div class=\"fusion-column-content-centered\"><div class=\"fusion-column-content\"><\/div><\/div><div class=\"fusion-clearfix\"><\/div><\/div><\/div><\/div><\/div>\n","protected":false},"excerpt":{"rendered":"","protected":false},"author":1,"featured_media":0,"parent":0,"menu_order":0,"comment_status":"closed","ping_status":"closed","template":"100-width.php","meta":{"footnotes":""},"class_list":["post-3011","page","type-page","status-publish","hentry"],"_links":{"self":[{"href":"https:\/\/www.processmanager-info.com\/fi\/wp-json\/wp\/v2\/pages\/3011","targetHints":{"allow":["GET"]}}],"collection":[{"href":"https:\/\/www.processmanager-info.com\/fi\/wp-json\/wp\/v2\/pages"}],"about":[{"href":"https:\/\/www.processmanager-info.com\/fi\/wp-json\/wp\/v2\/types\/page"}],"author":[{"embeddable":true,"href":"https:\/\/www.processmanager-info.com\/fi\/wp-json\/wp\/v2\/users\/1"}],"replies":[{"embeddable":true,"href":"https:\/\/www.processmanager-info.com\/fi\/wp-json\/wp\/v2\/comments?post=3011"}],"version-history":[{"count":35,"href":"https:\/\/www.processmanager-info.com\/fi\/wp-json\/wp\/v2\/pages\/3011\/revisions"}],"predecessor-version":[{"id":4815,"href":"https:\/\/www.processmanager-info.com\/fi\/wp-json\/wp\/v2\/pages\/3011\/revisions\/4815"}],"wp:attachment":[{"href":"https:\/\/www.processmanager-info.com\/fi\/wp-json\/wp\/v2\/media?parent=3011"}],"curies":[{"name":"wp","href":"https:\/\/api.w.org\/{rel}","templated":true}]}}